{"id":2317,"date":"2022-05-17T08:34:04","date_gmt":"2022-05-17T06:34:04","guid":{"rendered":"https:\/\/kortrijk.tankkd-rafting.com\/a-unique-in-europe\/"},"modified":"2024-01-10T11:44:39","modified_gmt":"2024-01-10T09:44:39","slug":"a-unique-in-europe","status":"publish","type":"page","link":"https:\/\/kortrijk.tankkd-rafting.com\/fr\/","title":{"rendered":"Unique en Europe !"},"content":{"rendered":"<p>Oversedan du Nebraska, le tanking arrive en Belgique. Une exp\u00e9rience unique, flottant et pagayant dans un r\u00e9servoir de stockage dans le centre historique de Courtrai.<\/p>\n<p>Les r\u00e9servoirs de stockage sont \u00e0 l&rsquo;origine des bancs \u00e0 boire pour le b\u00e9tail, mais aussi comme des bains galvanis\u00e9s frais d&rsquo;origine, des bo\u00eetes \u00e0 fleurs et bien plus encore. Donc maintenant aussi comme une fa\u00e7on originale d&rsquo;explorer la ville \u00e0 partir de l&rsquo;eau.<\/p>\n<p>Un r\u00e9servoir peut g\u00e9n\u00e9ralement accueillir de 2 \u00e0 6 adultes et vous pouvez apporter votre glaci\u00e8re, une radio, un d\u00e9jeuner et bien plus encore.<\/p>\n<p>Profitez de votre compagnie et flottez alors que vous en faites un voyage agr\u00e9able.<br \/>\nLaissez-vous flotter, jouez \u00e0 un jeu avec vos pagaies, jouez \u00e0 un jeu, profitez de la musique, mais surtout de l&rsquo;environnement.<\/p>\n<p>Une balade en char prend environ une heure et demie, voir la faune et la flore locales et les b\u00e2timents historiques d&rsquo;un point de vue unique, profiter du soleil, d&rsquo;un d\u00e9jeuner, d&rsquo;un verre, le tout depuis votre propre r\u00e9servoir.<\/p>\n<p>\u00c7a a l&rsquo;air divin, n&rsquo;est-ce pas ? Parfois, les choses simples de la vie sont les meilleures. Le rafting Tankkd en est un exemple.<br \/>\nUne aventure estivale parfaite pour tout le monde !<\/p>\n","protected":false},"excerpt":{"rendered":"<p>Oversedan du Nebraska, le tanking arrive en Belgique. Une exp\u00e9rience unique, flottant et pagayant dans un r\u00e9servoir de stockage dans le centre historique de Courtrai. Les r\u00e9servoirs de stockage sont \u00e0 l&rsquo;origine des bancs \u00e0 boire pour le b\u00e9tail, mais aussi comme des bains galvanis\u00e9s frais d&rsquo;origine, des bo\u00eetes \u00e0 fleurs et bien plus encore. [&hellip;]<\/p>\n","protected":false},"author":1,"featured_media":0,"parent":0,"menu_order":0,"comment_status":"closed","ping_status":"closed","template":"template\/home.php","meta":{"_acf_changed":false,"footnotes":""},"class_list":["post-2317","page","type-page","status-publish","hentry"],"acf":[],"yoast_head":"<!-- This site is optimized with the Yoast SEO plugin v27.5 - https:\/\/yoast.com\/product\/yoast-seo-wordpress\/ -->\n<title>Unique en Europe ! - Tankkd<\/title>\n<meta name=\"robots\" content=\"index, follow, max-snippet:-1, max-image-preview:large, max-video-preview:-1\" \/>\n<link rel=\"canonical\" href=\"https:\/\/kortrijk.tankkd-rafting.com\/fr\/\" \/>\n<meta property=\"og:locale\" content=\"fr_FR\" \/>\n<meta property=\"og:type\" content=\"article\" \/>\n<meta property=\"og:title\" content=\"Unique en Europe ! - Tankkd\" \/>\n<meta property=\"og:description\" content=\"Oversedan du Nebraska, le tanking arrive en Belgique. Une exp\u00e9rience unique, flottant et pagayant dans un r\u00e9servoir de stockage dans le centre historique de Courtrai. Les r\u00e9servoirs de stockage sont \u00e0 l&rsquo;origine des bancs \u00e0 boire pour le b\u00e9tail, mais aussi comme des bains galvanis\u00e9s frais d&rsquo;origine, des bo\u00eetes \u00e0 fleurs et bien plus encore. [&hellip;]\" \/>\n<meta property=\"og:url\" content=\"https:\/\/kortrijk.tankkd-rafting.com\/fr\/\" \/>\n<meta property=\"og:site_name\" content=\"Tankkd\" \/>\n<meta property=\"article:modified_time\" content=\"2024-01-10T09:44:39+00:00\" \/>\n<meta name=\"twitter:card\" content=\"summary_large_image\" \/>\n<meta name=\"twitter:label1\" content=\"Dur\u00e9e de lecture estim\u00e9e\" \/>\n\t<meta name=\"twitter:data1\" content=\"1 minute\" \/>\n<script type=\"application\/ld+json\" class=\"yoast-schema-graph\">{\"@context\":\"https:\\\/\\\/schema.org\",\"@graph\":[{\"@type\":\"WebPage\",\"@id\":\"https:\\\/\\\/kortrijk.tankkd-rafting.com\\\/fr\\\/\",\"url\":\"https:\\\/\\\/kortrijk.tankkd-rafting.com\\\/fr\\\/\",\"name\":\"Unique en Europe ! - Tankkd\",\"isPartOf\":{\"@id\":\"https:\\\/\\\/kortrijk.tankkd-rafting.com\\\/fr\\\/#website\"},\"datePublished\":\"2022-05-17T06:34:04+00:00\",\"dateModified\":\"2024-01-10T09:44:39+00:00\",\"breadcrumb\":{\"@id\":\"https:\\\/\\\/kortrijk.tankkd-rafting.com\\\/fr\\\/#breadcrumb\"},\"inLanguage\":\"fr-FR\",\"potentialAction\":[{\"@type\":\"ReadAction\",\"target\":[\"https:\\\/\\\/kortrijk.tankkd-rafting.com\\\/fr\\\/\"]}]},{\"@type\":\"BreadcrumbList\",\"@id\":\"https:\\\/\\\/kortrijk.tankkd-rafting.com\\\/fr\\\/#breadcrumb\",\"itemListElement\":[{\"@type\":\"ListItem\",\"position\":1,\"name\":\"Home\",\"item\":\"https:\\\/\\\/kortrijk.tankkd-rafting.com\\\/fr\\\/\"},{\"@type\":\"ListItem\",\"position\":2,\"name\":\"Unique en Europe !\"}]},{\"@type\":\"WebSite\",\"@id\":\"https:\\\/\\\/kortrijk.tankkd-rafting.com\\\/fr\\\/#website\",\"url\":\"https:\\\/\\\/kortrijk.tankkd-rafting.com\\\/fr\\\/\",\"name\":\"Tankkd\",\"description\":\"En nog een WordPress website\",\"potentialAction\":[{\"@type\":\"SearchAction\",\"target\":{\"@type\":\"EntryPoint\",\"urlTemplate\":\"https:\\\/\\\/kortrijk.tankkd-rafting.com\\\/fr\\\/?s={search_term_string}\"},\"query-input\":{\"@type\":\"PropertyValueSpecification\",\"valueRequired\":true,\"valueName\":\"search_term_string\"}}],\"inLanguage\":\"fr-FR\"}]}<\/script>\n<!-- \/ Yoast SEO plugin. -->","yoast_head_json":{"title":"Unique en Europe ! - Tankkd","robots":{"index":"index","follow":"follow","max-snippet":"max-snippet:-1","max-image-preview":"max-image-preview:large","max-video-preview":"max-video-preview:-1"},"canonical":"https:\/\/kortrijk.tankkd-rafting.com\/fr\/","og_locale":"fr_FR","og_type":"article","og_title":"Unique en Europe ! - Tankkd","og_description":"Oversedan du Nebraska, le tanking arrive en Belgique. Une exp\u00e9rience unique, flottant et pagayant dans un r\u00e9servoir de stockage dans le centre historique de Courtrai. Les r\u00e9servoirs de stockage sont \u00e0 l&rsquo;origine des bancs \u00e0 boire pour le b\u00e9tail, mais aussi comme des bains galvanis\u00e9s frais d&rsquo;origine, des bo\u00eetes \u00e0 fleurs et bien plus encore. [&hellip;]","og_url":"https:\/\/kortrijk.tankkd-rafting.com\/fr\/","og_site_name":"Tankkd","article_modified_time":"2024-01-10T09:44:39+00:00","twitter_card":"summary_large_image","twitter_misc":{"Dur\u00e9e de lecture estim\u00e9e":"1 minute"},"schema":{"@context":"https:\/\/schema.org","@graph":[{"@type":"WebPage","@id":"https:\/\/kortrijk.tankkd-rafting.com\/fr\/","url":"https:\/\/kortrijk.tankkd-rafting.com\/fr\/","name":"Unique en Europe ! - Tankkd","isPartOf":{"@id":"https:\/\/kortrijk.tankkd-rafting.com\/fr\/#website"},"datePublished":"2022-05-17T06:34:04+00:00","dateModified":"2024-01-10T09:44:39+00:00","breadcrumb":{"@id":"https:\/\/kortrijk.tankkd-rafting.com\/fr\/#breadcrumb"},"inLanguage":"fr-FR","potentialAction":[{"@type":"ReadAction","target":["https:\/\/kortrijk.tankkd-rafting.com\/fr\/"]}]},{"@type":"BreadcrumbList","@id":"https:\/\/kortrijk.tankkd-rafting.com\/fr\/#breadcrumb","itemListElement":[{"@type":"ListItem","position":1,"name":"Home","item":"https:\/\/kortrijk.tankkd-rafting.com\/fr\/"},{"@type":"ListItem","position":2,"name":"Unique en Europe !"}]},{"@type":"WebSite","@id":"https:\/\/kortrijk.tankkd-rafting.com\/fr\/#website","url":"https:\/\/kortrijk.tankkd-rafting.com\/fr\/","name":"Tankkd","description":"En nog een WordPress website","potentialAction":[{"@type":"SearchAction","target":{"@type":"EntryPoint","urlTemplate":"https:\/\/kortrijk.tankkd-rafting.com\/fr\/?s={search_term_string}"},"query-input":{"@type":"PropertyValueSpecification","valueRequired":true,"valueName":"search_term_string"}}],"inLanguage":"fr-FR"}]}},"jetpack_sharing_enabled":true,"_links":{"self":[{"href":"https:\/\/kortrijk.tankkd-rafting.com\/fr\/wp-json\/wp\/v2\/pages\/2317","targetHints":{"allow":["GET"]}}],"collection":[{"href":"https:\/\/kortrijk.tankkd-rafting.com\/fr\/wp-json\/wp\/v2\/pages"}],"about":[{"href":"https:\/\/kortrijk.tankkd-rafting.com\/fr\/wp-json\/wp\/v2\/types\/page"}],"author":[{"embeddable":true,"href":"https:\/\/kortrijk.tankkd-rafting.com\/fr\/wp-json\/wp\/v2\/users\/1"}],"replies":[{"embeddable":true,"href":"https:\/\/kortrijk.tankkd-rafting.com\/fr\/wp-json\/wp\/v2\/comments?post=2317"}],"version-history":[{"count":1,"href":"https:\/\/kortrijk.tankkd-rafting.com\/fr\/wp-json\/wp\/v2\/pages\/2317\/revisions"}],"predecessor-version":[{"id":2318,"href":"https:\/\/kortrijk.tankkd-rafting.com\/fr\/wp-json\/wp\/v2\/pages\/2317\/revisions\/2318"}],"wp:attachment":[{"href":"https:\/\/kortrijk.tankkd-rafting.com\/fr\/wp-json\/wp\/v2\/media?parent=2317"}],"curies":[{"name":"wp","href":"https:\/\/api.w.org\/{rel}","templated":true}]}}