{"id":2394,"date":"2022-05-17T08:34:31","date_gmt":"2022-05-17T06:34:31","guid":{"rendered":"https:\/\/kortrijk.tankkd-rafting.com\/a-propos-de-nous\/"},"modified":"2022-05-17T08:34:31","modified_gmt":"2022-05-17T06:34:31","slug":"a-propos-de-nous","status":"publish","type":"page","link":"https:\/\/kortrijk.tankkd-rafting.com\/fr\/a-propos-de-nous\/","title":{"rendered":"\u00c0 propos de nous"},"content":{"rendered":"<p><strong>Bienvenue \u00e0 Tankkd Rafting<\/strong><\/p>\n<p>Votre destination ultime pour l&rsquo;aventure et l&rsquo;excitation sur l&rsquo;eau ! Chez Tankkd Rafting, nous croyons que le pouvoir de la nature offre les exp\u00e9riences les plus excitantes, et nous sommes d\u00e9termin\u00e9s \u00e0 vous offrir ces moments inoubliables.<\/p>\n<p>Nous sommes une famille avec 3 gar\u00e7ons et 2 chiens. L&rsquo;id\u00e9e de commencer le rafting Tankkd en Europe est venue de notre propre famille. Nous recherchons toujours des activit\u00e9s \u00e0 faire ensemble et auxquelles toute la famille peut participer. Une activit\u00e9 ne devient vraiment amusante que si vous pouvez cr\u00e9er un moment qui devient un souvenir pour la vie.<\/p>\n<p>Notre mission est simple mais puissante : nous voulons rapprocher les gens de la nature et surtout les rapprocher les uns des autres !<\/p>\n<p>Jouer \u00e0 l&rsquo;ext\u00e9rieur pour petits et grands !<\/p>\n<p>&nbsp;<\/p>\n<p>Amour<\/p>\n<p>David et Kim<\/p>\n","protected":false},"excerpt":{"rendered":"<p>Bienvenue \u00e0 Tankkd Rafting Votre destination ultime pour l&rsquo;aventure et l&rsquo;excitation sur l&rsquo;eau ! Chez Tankkd Rafting, nous croyons que le pouvoir de la nature offre les exp\u00e9riences les plus excitantes, et nous sommes d\u00e9termin\u00e9s \u00e0 vous offrir ces moments inoubliables. Nous sommes une famille avec 3 gar\u00e7ons et 2 chiens. L&rsquo;id\u00e9e de commencer le [&hellip;]<\/p>\n","protected":false},"author":1,"featured_media":0,"parent":0,"menu_order":10,"comment_status":"closed","ping_status":"closed","template":"","meta":{"_acf_changed":false,"footnotes":""},"class_list":["post-2394","page","type-page","status-publish","hentry"],"acf":[],"yoast_head":"<!-- This site is optimized with the Yoast SEO plugin v27.4 - https:\/\/yoast.com\/product\/yoast-seo-wordpress\/ -->\n<title>\u00c0 propos de nous - Tankkd<\/title>\n<meta name=\"robots\" content=\"index, follow, max-snippet:-1, max-image-preview:large, max-video-preview:-1\" \/>\n<link rel=\"canonical\" href=\"https:\/\/kortrijk.tankkd-rafting.com\/fr\/a-propos-de-nous\/\" \/>\n<meta property=\"og:locale\" content=\"fr_FR\" \/>\n<meta property=\"og:type\" content=\"article\" \/>\n<meta property=\"og:title\" content=\"\u00c0 propos de nous - Tankkd\" \/>\n<meta property=\"og:description\" content=\"Bienvenue \u00e0 Tankkd Rafting Votre destination ultime pour l&rsquo;aventure et l&rsquo;excitation sur l&rsquo;eau ! Chez Tankkd Rafting, nous croyons que le pouvoir de la nature offre les exp\u00e9riences les plus excitantes, et nous sommes d\u00e9termin\u00e9s \u00e0 vous offrir ces moments inoubliables. Nous sommes une famille avec 3 gar\u00e7ons et 2 chiens. L&rsquo;id\u00e9e de commencer le [&hellip;]\" \/>\n<meta property=\"og:url\" content=\"https:\/\/kortrijk.tankkd-rafting.com\/fr\/a-propos-de-nous\/\" \/>\n<meta property=\"og:site_name\" content=\"Tankkd\" \/>\n<meta name=\"twitter:card\" content=\"summary_large_image\" \/>\n<meta name=\"twitter:label1\" content=\"Dur\u00e9e de lecture estim\u00e9e\" \/>\n\t<meta name=\"twitter:data1\" content=\"1 minute\" \/>\n<script type=\"application\/ld+json\" class=\"yoast-schema-graph\">{\"@context\":\"https:\\\/\\\/schema.org\",\"@graph\":[{\"@type\":\"WebPage\",\"@id\":\"https:\\\/\\\/kortrijk.tankkd-rafting.com\\\/fr\\\/a-propos-de-nous\\\/\",\"url\":\"https:\\\/\\\/kortrijk.tankkd-rafting.com\\\/fr\\\/a-propos-de-nous\\\/\",\"name\":\"\u00c0 propos de nous - Tankkd\",\"isPartOf\":{\"@id\":\"https:\\\/\\\/kortrijk.tankkd-rafting.com\\\/fr\\\/#website\"},\"datePublished\":\"2022-05-17T06:34:31+00:00\",\"breadcrumb\":{\"@id\":\"https:\\\/\\\/kortrijk.tankkd-rafting.com\\\/fr\\\/a-propos-de-nous\\\/#breadcrumb\"},\"inLanguage\":\"fr-FR\",\"potentialAction\":[{\"@type\":\"ReadAction\",\"target\":[\"https:\\\/\\\/kortrijk.tankkd-rafting.com\\\/fr\\\/a-propos-de-nous\\\/\"]}]},{\"@type\":\"BreadcrumbList\",\"@id\":\"https:\\\/\\\/kortrijk.tankkd-rafting.com\\\/fr\\\/a-propos-de-nous\\\/#breadcrumb\",\"itemListElement\":[{\"@type\":\"ListItem\",\"position\":1,\"name\":\"Home\",\"item\":\"https:\\\/\\\/kortrijk.tankkd-rafting.com\\\/fr\\\/\"},{\"@type\":\"ListItem\",\"position\":2,\"name\":\"\u00c0 propos de nous\"}]},{\"@type\":\"WebSite\",\"@id\":\"https:\\\/\\\/kortrijk.tankkd-rafting.com\\\/fr\\\/#website\",\"url\":\"https:\\\/\\\/kortrijk.tankkd-rafting.com\\\/fr\\\/\",\"name\":\"Tankkd\",\"description\":\"En nog een WordPress website\",\"potentialAction\":[{\"@type\":\"SearchAction\",\"target\":{\"@type\":\"EntryPoint\",\"urlTemplate\":\"https:\\\/\\\/kortrijk.tankkd-rafting.com\\\/fr\\\/?s={search_term_string}\"},\"query-input\":{\"@type\":\"PropertyValueSpecification\",\"valueRequired\":true,\"valueName\":\"search_term_string\"}}],\"inLanguage\":\"fr-FR\"}]}<\/script>\n<!-- \/ Yoast SEO plugin. -->","yoast_head_json":{"title":"\u00c0 propos de nous - Tankkd","robots":{"index":"index","follow":"follow","max-snippet":"max-snippet:-1","max-image-preview":"max-image-preview:large","max-video-preview":"max-video-preview:-1"},"canonical":"https:\/\/kortrijk.tankkd-rafting.com\/fr\/a-propos-de-nous\/","og_locale":"fr_FR","og_type":"article","og_title":"\u00c0 propos de nous - Tankkd","og_description":"Bienvenue \u00e0 Tankkd Rafting Votre destination ultime pour l&rsquo;aventure et l&rsquo;excitation sur l&rsquo;eau ! Chez Tankkd Rafting, nous croyons que le pouvoir de la nature offre les exp\u00e9riences les plus excitantes, et nous sommes d\u00e9termin\u00e9s \u00e0 vous offrir ces moments inoubliables. Nous sommes une famille avec 3 gar\u00e7ons et 2 chiens. L&rsquo;id\u00e9e de commencer le [&hellip;]","og_url":"https:\/\/kortrijk.tankkd-rafting.com\/fr\/a-propos-de-nous\/","og_site_name":"Tankkd","twitter_card":"summary_large_image","twitter_misc":{"Dur\u00e9e de lecture estim\u00e9e":"1 minute"},"schema":{"@context":"https:\/\/schema.org","@graph":[{"@type":"WebPage","@id":"https:\/\/kortrijk.tankkd-rafting.com\/fr\/a-propos-de-nous\/","url":"https:\/\/kortrijk.tankkd-rafting.com\/fr\/a-propos-de-nous\/","name":"\u00c0 propos de nous - Tankkd","isPartOf":{"@id":"https:\/\/kortrijk.tankkd-rafting.com\/fr\/#website"},"datePublished":"2022-05-17T06:34:31+00:00","breadcrumb":{"@id":"https:\/\/kortrijk.tankkd-rafting.com\/fr\/a-propos-de-nous\/#breadcrumb"},"inLanguage":"fr-FR","potentialAction":[{"@type":"ReadAction","target":["https:\/\/kortrijk.tankkd-rafting.com\/fr\/a-propos-de-nous\/"]}]},{"@type":"BreadcrumbList","@id":"https:\/\/kortrijk.tankkd-rafting.com\/fr\/a-propos-de-nous\/#breadcrumb","itemListElement":[{"@type":"ListItem","position":1,"name":"Home","item":"https:\/\/kortrijk.tankkd-rafting.com\/fr\/"},{"@type":"ListItem","position":2,"name":"\u00c0 propos de nous"}]},{"@type":"WebSite","@id":"https:\/\/kortrijk.tankkd-rafting.com\/fr\/#website","url":"https:\/\/kortrijk.tankkd-rafting.com\/fr\/","name":"Tankkd","description":"En nog een WordPress website","potentialAction":[{"@type":"SearchAction","target":{"@type":"EntryPoint","urlTemplate":"https:\/\/kortrijk.tankkd-rafting.com\/fr\/?s={search_term_string}"},"query-input":{"@type":"PropertyValueSpecification","valueRequired":true,"valueName":"search_term_string"}}],"inLanguage":"fr-FR"}]}},"jetpack_sharing_enabled":true,"_links":{"self":[{"href":"https:\/\/kortrijk.tankkd-rafting.com\/fr\/wp-json\/wp\/v2\/pages\/2394","targetHints":{"allow":["GET"]}}],"collection":[{"href":"https:\/\/kortrijk.tankkd-rafting.com\/fr\/wp-json\/wp\/v2\/pages"}],"about":[{"href":"https:\/\/kortrijk.tankkd-rafting.com\/fr\/wp-json\/wp\/v2\/types\/page"}],"author":[{"embeddable":true,"href":"https:\/\/kortrijk.tankkd-rafting.com\/fr\/wp-json\/wp\/v2\/users\/1"}],"replies":[{"embeddable":true,"href":"https:\/\/kortrijk.tankkd-rafting.com\/fr\/wp-json\/wp\/v2\/comments?post=2394"}],"version-history":[{"count":0,"href":"https:\/\/kortrijk.tankkd-rafting.com\/fr\/wp-json\/wp\/v2\/pages\/2394\/revisions"}],"wp:attachment":[{"href":"https:\/\/kortrijk.tankkd-rafting.com\/fr\/wp-json\/wp\/v2\/media?parent=2394"}],"curies":[{"name":"wp","href":"https:\/\/api.w.org\/{rel}","templated":true}]}}