{"id":2333,"date":"2023-12-12T22:45:48","date_gmt":"2023-12-12T20:45:48","guid":{"rendered":"https:\/\/kortrijk.tankkd-rafting.com\/?post_type=product&#038;p=2333"},"modified":"2024-01-10T11:00:23","modified_gmt":"2024-01-10T09:00:23","slug":"little-tankkd-4-personnes-kopie","status":"publish","type":"product","link":"https:\/\/kortrijk.tankkd-rafting.com\/fr\/produit\/little-tankkd-4-personnes-kopie\/","title":{"rendered":"Little TANKKD &#8211; 4 personnes"},"content":{"rendered":"<p><strong>Lieu : Courtrai &#8211; Kasteelbrug<\/strong><\/p>\n<p>Chaque r\u00e9servoir a les \u00e9l\u00e9ments suivants :<\/p>\n<ul>\n<li>Coussins confortables pour s&rsquo;asseoir<\/li>\n<li>Bo\u00eete \u00e0 musique ( bluetooth)<\/li>\n<li>peddels<\/li>\n<li>Tonne \u00e9tanche<\/li>\n<li>Carte de la ville<\/li>\n<li>\u00c9ventuellement gilets de sauvetage (requis jusqu&rsquo;\u00e0 12 ans)<\/li>\n<\/ul>\n","protected":false},"excerpt":{"rendered":"<p>Lieu : Courtrai &#8211; Kasteelbrug Chaque r\u00e9servoir a les \u00e9l\u00e9ments suivants : Coussins confortables pour s&rsquo;asseoir Bo\u00eete \u00e0 musique ( bluetooth) peddels Tonne \u00e9tanche Carte de la ville \u00c9ventuellement gilets de sauvetage (requis jusqu&rsquo;\u00e0 12 ans)<\/p>\n","protected":false},"featured_media":0,"template":"","meta":{"_acf_changed":false},"product_brand":[],"product_cat":[44],"product_tag":[45],"class_list":{"0":"post-2333","1":"product","2":"type-product","3":"status-publish","5":"product_cat-individuel","6":"product_tag-courtrai-pont-du-chateau","8":"first","9":"instock","10":"virtual","11":"taxable","12":"purchasable","13":"product-type-phive_booking"},"acf":[],"yoast_head":"<!-- This site is optimized with the Yoast SEO plugin v27.5 - https:\/\/yoast.com\/product\/yoast-seo-wordpress\/ -->\n<title>Little TANKKD - 4 personnes - Tankkd<\/title>\n<meta name=\"robots\" content=\"index, follow, max-snippet:-1, max-image-preview:large, max-video-preview:-1\" \/>\n<link rel=\"canonical\" href=\"https:\/\/kortrijk.tankkd-rafting.com\/fr\/produit\/little-tankkd-4-personnes-kopie\/\" \/>\n<meta property=\"og:locale\" content=\"fr_FR\" \/>\n<meta property=\"og:type\" content=\"article\" \/>\n<meta property=\"og:title\" content=\"Little TANKKD - 4 personnes - Tankkd\" \/>\n<meta property=\"og:description\" content=\"Lieu : Courtrai &#8211; Kasteelbrug Chaque r\u00e9servoir a les \u00e9l\u00e9ments suivants : Coussins confortables pour s&rsquo;asseoir Bo\u00eete \u00e0 musique ( bluetooth) peddels Tonne \u00e9tanche Carte de la ville \u00c9ventuellement gilets de sauvetage (requis jusqu&rsquo;\u00e0 12 ans)\" \/>\n<meta property=\"og:url\" content=\"https:\/\/kortrijk.tankkd-rafting.com\/fr\/produit\/little-tankkd-4-personnes-kopie\/\" \/>\n<meta property=\"og:site_name\" content=\"Tankkd\" \/>\n<meta property=\"article:modified_time\" content=\"2024-01-10T09:00:23+00:00\" \/>\n<meta name=\"twitter:card\" content=\"summary_large_image\" \/>\n<meta name=\"twitter:label1\" content=\"Dur\u00e9e de lecture estim\u00e9e\" \/>\n\t<meta name=\"twitter:data1\" content=\"1 minute\" \/>\n<script type=\"application\/ld+json\" class=\"yoast-schema-graph\">{\"@context\":\"https:\\\/\\\/schema.org\",\"@graph\":[{\"@type\":\"WebPage\",\"@id\":\"https:\\\/\\\/kortrijk.tankkd-rafting.com\\\/fr\\\/produit\\\/little-tankkd-4-personnes-kopie\\\/\",\"url\":\"https:\\\/\\\/kortrijk.tankkd-rafting.com\\\/fr\\\/produit\\\/little-tankkd-4-personnes-kopie\\\/\",\"name\":\"Little TANKKD - 4 personnes - Tankkd\",\"isPartOf\":{\"@id\":\"https:\\\/\\\/kortrijk.tankkd-rafting.com\\\/fr\\\/#website\"},\"datePublished\":\"2023-12-12T20:45:48+00:00\",\"dateModified\":\"2024-01-10T09:00:23+00:00\",\"breadcrumb\":{\"@id\":\"https:\\\/\\\/kortrijk.tankkd-rafting.com\\\/fr\\\/produit\\\/little-tankkd-4-personnes-kopie\\\/#breadcrumb\"},\"inLanguage\":\"fr-FR\",\"potentialAction\":[{\"@type\":\"ReadAction\",\"target\":[\"https:\\\/\\\/kortrijk.tankkd-rafting.com\\\/fr\\\/produit\\\/little-tankkd-4-personnes-kopie\\\/\"]}]},{\"@type\":\"BreadcrumbList\",\"@id\":\"https:\\\/\\\/kortrijk.tankkd-rafting.com\\\/fr\\\/produit\\\/little-tankkd-4-personnes-kopie\\\/#breadcrumb\",\"itemListElement\":[{\"@type\":\"ListItem\",\"position\":1,\"name\":\"Home\",\"item\":\"https:\\\/\\\/kortrijk.tankkd-rafting.com\\\/fr\\\/\"},{\"@type\":\"ListItem\",\"position\":2,\"name\":\"Produits\",\"item\":\"https:\\\/\\\/kortrijk.tankkd-rafting.com\\\/fr\\\/shop\\\/\"},{\"@type\":\"ListItem\",\"position\":3,\"name\":\"Little TANKKD &#8211; 4 personnes\"}]},{\"@type\":\"WebSite\",\"@id\":\"https:\\\/\\\/kortrijk.tankkd-rafting.com\\\/fr\\\/#website\",\"url\":\"https:\\\/\\\/kortrijk.tankkd-rafting.com\\\/fr\\\/\",\"name\":\"Tankkd\",\"description\":\"En nog een WordPress website\",\"potentialAction\":[{\"@type\":\"SearchAction\",\"target\":{\"@type\":\"EntryPoint\",\"urlTemplate\":\"https:\\\/\\\/kortrijk.tankkd-rafting.com\\\/fr\\\/?s={search_term_string}\"},\"query-input\":{\"@type\":\"PropertyValueSpecification\",\"valueRequired\":true,\"valueName\":\"search_term_string\"}}],\"inLanguage\":\"fr-FR\"}]}<\/script>\n<!-- \/ Yoast SEO plugin. -->","yoast_head_json":{"title":"Little TANKKD - 4 personnes - Tankkd","robots":{"index":"index","follow":"follow","max-snippet":"max-snippet:-1","max-image-preview":"max-image-preview:large","max-video-preview":"max-video-preview:-1"},"canonical":"https:\/\/kortrijk.tankkd-rafting.com\/fr\/produit\/little-tankkd-4-personnes-kopie\/","og_locale":"fr_FR","og_type":"article","og_title":"Little TANKKD - 4 personnes - Tankkd","og_description":"Lieu : Courtrai &#8211; Kasteelbrug Chaque r\u00e9servoir a les \u00e9l\u00e9ments suivants : Coussins confortables pour s&rsquo;asseoir Bo\u00eete \u00e0 musique ( bluetooth) peddels Tonne \u00e9tanche Carte de la ville \u00c9ventuellement gilets de sauvetage (requis jusqu&rsquo;\u00e0 12 ans)","og_url":"https:\/\/kortrijk.tankkd-rafting.com\/fr\/produit\/little-tankkd-4-personnes-kopie\/","og_site_name":"Tankkd","article_modified_time":"2024-01-10T09:00:23+00:00","twitter_card":"summary_large_image","twitter_misc":{"Dur\u00e9e de lecture estim\u00e9e":"1 minute"},"schema":{"@context":"https:\/\/schema.org","@graph":[{"@type":"WebPage","@id":"https:\/\/kortrijk.tankkd-rafting.com\/fr\/produit\/little-tankkd-4-personnes-kopie\/","url":"https:\/\/kortrijk.tankkd-rafting.com\/fr\/produit\/little-tankkd-4-personnes-kopie\/","name":"Little TANKKD - 4 personnes - Tankkd","isPartOf":{"@id":"https:\/\/kortrijk.tankkd-rafting.com\/fr\/#website"},"datePublished":"2023-12-12T20:45:48+00:00","dateModified":"2024-01-10T09:00:23+00:00","breadcrumb":{"@id":"https:\/\/kortrijk.tankkd-rafting.com\/fr\/produit\/little-tankkd-4-personnes-kopie\/#breadcrumb"},"inLanguage":"fr-FR","potentialAction":[{"@type":"ReadAction","target":["https:\/\/kortrijk.tankkd-rafting.com\/fr\/produit\/little-tankkd-4-personnes-kopie\/"]}]},{"@type":"BreadcrumbList","@id":"https:\/\/kortrijk.tankkd-rafting.com\/fr\/produit\/little-tankkd-4-personnes-kopie\/#breadcrumb","itemListElement":[{"@type":"ListItem","position":1,"name":"Home","item":"https:\/\/kortrijk.tankkd-rafting.com\/fr\/"},{"@type":"ListItem","position":2,"name":"Produits","item":"https:\/\/kortrijk.tankkd-rafting.com\/fr\/shop\/"},{"@type":"ListItem","position":3,"name":"Little TANKKD &#8211; 4 personnes"}]},{"@type":"WebSite","@id":"https:\/\/kortrijk.tankkd-rafting.com\/fr\/#website","url":"https:\/\/kortrijk.tankkd-rafting.com\/fr\/","name":"Tankkd","description":"En nog een WordPress website","potentialAction":[{"@type":"SearchAction","target":{"@type":"EntryPoint","urlTemplate":"https:\/\/kortrijk.tankkd-rafting.com\/fr\/?s={search_term_string}"},"query-input":{"@type":"PropertyValueSpecification","valueRequired":true,"valueName":"search_term_string"}}],"inLanguage":"fr-FR"}]}},"jetpack_sharing_enabled":true,"_links":{"self":[{"href":"https:\/\/kortrijk.tankkd-rafting.com\/fr\/wp-json\/wp\/v2\/product\/2333","targetHints":{"allow":["GET"]}}],"collection":[{"href":"https:\/\/kortrijk.tankkd-rafting.com\/fr\/wp-json\/wp\/v2\/product"}],"about":[{"href":"https:\/\/kortrijk.tankkd-rafting.com\/fr\/wp-json\/wp\/v2\/types\/product"}],"wp:attachment":[{"href":"https:\/\/kortrijk.tankkd-rafting.com\/fr\/wp-json\/wp\/v2\/media?parent=2333"}],"wp:term":[{"taxonomy":"product_brand","embeddable":true,"href":"https:\/\/kortrijk.tankkd-rafting.com\/fr\/wp-json\/wp\/v2\/product_brand?post=2333"},{"taxonomy":"product_cat","embeddable":true,"href":"https:\/\/kortrijk.tankkd-rafting.com\/fr\/wp-json\/wp\/v2\/product_cat?post=2333"},{"taxonomy":"product_tag","embeddable":true,"href":"https:\/\/kortrijk.tankkd-rafting.com\/fr\/wp-json\/wp\/v2\/product_tag?post=2333"}],"curies":[{"name":"wp","href":"https:\/\/api.w.org\/{rel}","templated":true}]}}